{"id":25,"date":"2021-11-15T19:29:17","date_gmt":"2021-11-15T18:29:17","guid":{"rendered":"https:\/\/madalaonoranzefunebri.it\/funerale\/?page_id=25"},"modified":"2024-12-06T10:45:21","modified_gmt":"2024-12-06T09:45:21","slug":"rito-cremazione","status":"publish","type":"page","link":"https:\/\/madalaonoranzefunebri.it\/funerale\/rito-cremazione\/","title":{"rendered":"Rito della cremazione"},"content":{"rendered":"\n<p>L&#8217;Agenzia di Pompe Funebri Madala gestisce con professionalit\u00e0 e discrezione tutte le fasi del rito della cremazione. Offriamo assistenza completa, dalla raccolta della documentazione necessaria al trasporto verso le strutture adeguate, garantendo un ultimo saluto personalizzato in ambienti decorosi e accoglienti.<\/p>\n\n\n\n<p>Esperienza e professionalit\u00e0 del nostro staff saranno a vostra disposizione.<\/p>\n\n\n\n<figure class=\"wp-block-image alignleft size-thumbnail is-resized\"><a href=\"https:\/\/madalaonoranzefunebri.it\/funerale\/images\/2021\/11\/hysteron-esterno1-1.jpg\" rel=\"lightbox[25]\"><img decoding=\"async\" width=\"150\" height=\"150\" src=\"https:\/\/madalaonoranzefunebri.it\/funerale\/images\/2021\/11\/hysteron-esterno1-1-150x150.jpg\" alt=\"Tempio Crematorio Piemontese\" class=\"wp-image-59\" style=\"width:170px\"\/><\/a><\/figure>\n\n\n\n<figure class=\"wp-block-image alignleft size-thumbnail is-resized\"><a href=\"https:\/\/madalaonoranzefunebri.it\/funerale\/images\/2021\/11\/hysteron-esterno2-1.jpg\" rel=\"lightbox[25]\"><img decoding=\"async\" width=\"150\" height=\"150\" src=\"https:\/\/madalaonoranzefunebri.it\/funerale\/images\/2021\/11\/hysteron-esterno2-1-150x150.jpg\" alt=\"Tempio Crematorio Piemontese\" class=\"wp-image-60\" style=\"width:170px\"\/><\/a><\/figure>\n\n\n\n<figure class=\"wp-block-image alignleft size-thumbnail is-resized\"><a href=\"https:\/\/madalaonoranzefunebri.it\/funerale\/images\/2021\/11\/hysteron-interno1-1.jpg\" rel=\"lightbox[25]\"><img decoding=\"async\" width=\"150\" height=\"150\" src=\"https:\/\/madalaonoranzefunebri.it\/funerale\/images\/2021\/11\/hysteron-interno1-1-150x150.jpg\" alt=\"Tempio Crematorio Piemontese\" class=\"wp-image-62\" style=\"width:170px\"\/><\/a><\/figure>\n\n\n\n<figure class=\"wp-block-image alignleft size-thumbnail is-resized\"><a href=\"https:\/\/madalaonoranzefunebri.it\/funerale\/images\/2021\/11\/hysteron-interno3-1.jpg\" rel=\"lightbox[25]\"><img loading=\"lazy\" decoding=\"async\" width=\"150\" height=\"150\" src=\"https:\/\/madalaonoranzefunebri.it\/funerale\/images\/2021\/11\/hysteron-interno3-1-150x150.jpg\" alt=\"Tempio Crematorio Piemontese\" class=\"wp-image-61\" style=\"width:170px\"\/><\/a><\/figure>\n\n\n\n<div style=\"height:20px\" aria-hidden=\"true\" class=\"wp-block-spacer\"><\/div>\n\n\n\n<h2 class=\"wp-block-heading\">Urne cinerarie<\/h2>\n\n\n\n<p>Mettiamo a disposizione una vasta gamma di urne cinerarie realizzate con materiali di alta qualit\u00e0, tra cui:<\/p>\n\n\n\n<ul class=\"wp-block-list\">\n<li><strong>Stonat:<\/strong> per un design unico e moderno.<\/li>\n\n\n\n<li><strong>Legno:<\/strong> classico, mordenzato, dipinto a mano o decorato con pirografia.<\/li>\n\n\n\n<li><strong>Porcellana:<\/strong> eleganti e raffinate.<\/li>\n\n\n\n<li><strong>Metallo:<\/strong> in bronzo o acciaio inox.<\/li>\n<\/ul>\n\n\n\n<figure class=\"wp-block-gallery has-nested-images columns-3 is-cropped wp-block-gallery-1 is-layout-flex wp-block-gallery-is-layout-flex\">\n<figure class=\"wp-block-image size-medium\"><a href=\"https:\/\/madalaonoranzefunebri.it\/funerale\/images\/2021\/11\/hysteron-urna1-1.jpg\" rel=\"lightbox[25]\"><img loading=\"lazy\" decoding=\"async\" width=\"300\" height=\"225\" data-id=\"63\" src=\"https:\/\/madalaonoranzefunebri.it\/funerale\/images\/2021\/11\/hysteron-urna1-1-300x225.jpg\" alt=\"Accessori e articoli funebri a Dronero\" class=\"wp-image-63\" srcset=\"https:\/\/madalaonoranzefunebri.it\/funerale\/images\/2021\/11\/hysteron-urna1-1-300x225.jpg 300w, https:\/\/madalaonoranzefunebri.it\/funerale\/images\/2021\/11\/hysteron-urna1-1-230x172.jpg 230w, https:\/\/madalaonoranzefunebri.it\/funerale\/images\/2021\/11\/hysteron-urna1-1-350x262.jpg 350w, https:\/\/madalaonoranzefunebri.it\/funerale\/images\/2021\/11\/hysteron-urna1-1-480x360.jpg 480w, https:\/\/madalaonoranzefunebri.it\/funerale\/images\/2021\/11\/hysteron-urna1-1.jpg 667w\" sizes=\"(max-width: 300px) 100vw, 300px\" \/><\/a><figcaption class=\"wp-element-caption\"> Urna in legno e ceramica dipinta a mano <\/figcaption><\/figure>\n\n\n\n<figure class=\"wp-block-image size-medium\"><a href=\"https:\/\/madalaonoranzefunebri.it\/funerale\/images\/2021\/11\/hysteron-urna2-1.jpg\" rel=\"lightbox[25]\"><img loading=\"lazy\" decoding=\"async\" width=\"300\" height=\"225\" data-id=\"64\" src=\"https:\/\/madalaonoranzefunebri.it\/funerale\/images\/2021\/11\/hysteron-urna2-1-300x225.jpg\" alt=\"Accessori e articoli funebri a Dronero\" class=\"wp-image-64\" srcset=\"https:\/\/madalaonoranzefunebri.it\/funerale\/images\/2021\/11\/hysteron-urna2-1-300x225.jpg 300w, https:\/\/madalaonoranzefunebri.it\/funerale\/images\/2021\/11\/hysteron-urna2-1-230x172.jpg 230w, https:\/\/madalaonoranzefunebri.it\/funerale\/images\/2021\/11\/hysteron-urna2-1-350x262.jpg 350w, https:\/\/madalaonoranzefunebri.it\/funerale\/images\/2021\/11\/hysteron-urna2-1-480x360.jpg 480w, https:\/\/madalaonoranzefunebri.it\/funerale\/images\/2021\/11\/hysteron-urna2-1.jpg 667w\" sizes=\"(max-width: 300px) 100vw, 300px\" \/><\/a><figcaption class=\"wp-element-caption\"> Urna in legno<\/figcaption><\/figure>\n\n\n\n<figure class=\"wp-block-image size-medium\"><a href=\"https:\/\/madalaonoranzefunebri.it\/funerale\/images\/2021\/11\/hysteron-urna3-1.jpg\" rel=\"lightbox[25]\"><img loading=\"lazy\" decoding=\"async\" width=\"300\" height=\"225\" data-id=\"65\" src=\"https:\/\/madalaonoranzefunebri.it\/funerale\/images\/2021\/11\/hysteron-urna3-1-300x225.jpg\" alt=\"Accessori e articoli funebri a Dronero\" class=\"wp-image-65\" srcset=\"https:\/\/madalaonoranzefunebri.it\/funerale\/images\/2021\/11\/hysteron-urna3-1-300x225.jpg 300w, https:\/\/madalaonoranzefunebri.it\/funerale\/images\/2021\/11\/hysteron-urna3-1-230x172.jpg 230w, https:\/\/madalaonoranzefunebri.it\/funerale\/images\/2021\/11\/hysteron-urna3-1-350x262.jpg 350w, https:\/\/madalaonoranzefunebri.it\/funerale\/images\/2021\/11\/hysteron-urna3-1-480x360.jpg 480w, https:\/\/madalaonoranzefunebri.it\/funerale\/images\/2021\/11\/hysteron-urna3-1.jpg 667w\" sizes=\"(max-width: 300px) 100vw, 300px\" \/><\/a><figcaption class=\"wp-element-caption\"> Urna in legno mordenzato<\/figcaption><\/figure>\n\n\n\n<figure class=\"wp-block-image size-medium\"><a href=\"https:\/\/madalaonoranzefunebri.it\/funerale\/images\/2021\/11\/hysteron-urna4-1.jpg\" rel=\"lightbox[25]\"><img loading=\"lazy\" decoding=\"async\" width=\"300\" height=\"225\" data-id=\"66\" src=\"https:\/\/madalaonoranzefunebri.it\/funerale\/images\/2021\/11\/hysteron-urna4-1-300x225.jpg\" alt=\"Urna in legno pirografato\" class=\"wp-image-66\" srcset=\"https:\/\/madalaonoranzefunebri.it\/funerale\/images\/2021\/11\/hysteron-urna4-1-300x225.jpg 300w, https:\/\/madalaonoranzefunebri.it\/funerale\/images\/2021\/11\/hysteron-urna4-1-230x172.jpg 230w, https:\/\/madalaonoranzefunebri.it\/funerale\/images\/2021\/11\/hysteron-urna4-1-350x262.jpg 350w, https:\/\/madalaonoranzefunebri.it\/funerale\/images\/2021\/11\/hysteron-urna4-1-480x360.jpg 480w, https:\/\/madalaonoranzefunebri.it\/funerale\/images\/2021\/11\/hysteron-urna4-1.jpg 667w\" sizes=\"(max-width: 300px) 100vw, 300px\" \/><\/a><figcaption class=\"wp-element-caption\">Urna in legno pirografato<\/figcaption><\/figure>\n\n\n\n<figure class=\"wp-block-image size-medium\"><a href=\"https:\/\/madalaonoranzefunebri.it\/funerale\/images\/2021\/11\/hysteron-urna5-1.jpg\" rel=\"lightbox[25]\"><img loading=\"lazy\" decoding=\"async\" width=\"300\" height=\"225\" data-id=\"67\" src=\"https:\/\/madalaonoranzefunebri.it\/funerale\/images\/2021\/11\/hysteron-urna5-1-300x225.jpg\" alt=\"Accessori e articoli funebri a Dronero\" class=\"wp-image-67\" srcset=\"https:\/\/madalaonoranzefunebri.it\/funerale\/images\/2021\/11\/hysteron-urna5-1-300x225.jpg 300w, https:\/\/madalaonoranzefunebri.it\/funerale\/images\/2021\/11\/hysteron-urna5-1-230x172.jpg 230w, https:\/\/madalaonoranzefunebri.it\/funerale\/images\/2021\/11\/hysteron-urna5-1-350x262.jpg 350w, https:\/\/madalaonoranzefunebri.it\/funerale\/images\/2021\/11\/hysteron-urna5-1-480x360.jpg 480w, https:\/\/madalaonoranzefunebri.it\/funerale\/images\/2021\/11\/hysteron-urna5-1.jpg 667w\" sizes=\"(max-width: 300px) 100vw, 300px\" \/><\/a><figcaption class=\"wp-element-caption\">Urna in legno dipinto<\/figcaption><\/figure>\n\n\n\n<figure class=\"wp-block-image size-medium\"><a href=\"https:\/\/madalaonoranzefunebri.it\/funerale\/images\/2021\/11\/hysteron-urna6-1.jpg\" rel=\"lightbox[25]\"><img loading=\"lazy\" decoding=\"async\" width=\"300\" height=\"225\" data-id=\"68\" src=\"https:\/\/madalaonoranzefunebri.it\/funerale\/images\/2021\/11\/hysteron-urna6-1-300x225.jpg\" alt=\"Accessori e articoli funebri a Dronero\" class=\"wp-image-68\" srcset=\"https:\/\/madalaonoranzefunebri.it\/funerale\/images\/2021\/11\/hysteron-urna6-1-300x225.jpg 300w, https:\/\/madalaonoranzefunebri.it\/funerale\/images\/2021\/11\/hysteron-urna6-1-230x172.jpg 230w, https:\/\/madalaonoranzefunebri.it\/funerale\/images\/2021\/11\/hysteron-urna6-1-350x262.jpg 350w, https:\/\/madalaonoranzefunebri.it\/funerale\/images\/2021\/11\/hysteron-urna6-1-480x360.jpg 480w, https:\/\/madalaonoranzefunebri.it\/funerale\/images\/2021\/11\/hysteron-urna6-1.jpg 667w\" sizes=\"(max-width: 300px) 100vw, 300px\" \/><\/a><figcaption class=\"wp-element-caption\"> Urna in legno dipinto <\/figcaption><\/figure>\n\n\n\n<figure class=\"wp-block-image size-medium\"><a href=\"https:\/\/madalaonoranzefunebri.it\/funerale\/images\/2021\/11\/hysteron-urna-stonat-1.jpg\" rel=\"lightbox[25]\"><img loading=\"lazy\" decoding=\"async\" width=\"300\" height=\"300\" data-id=\"69\" src=\"https:\/\/madalaonoranzefunebri.it\/funerale\/images\/2021\/11\/hysteron-urna-stonat-1-300x300.jpg\" alt=\"accessori e articoli funebri a Dronero\" class=\"wp-image-69\" srcset=\"https:\/\/madalaonoranzefunebri.it\/funerale\/images\/2021\/11\/hysteron-urna-stonat-1-300x300.jpg 300w, https:\/\/madalaonoranzefunebri.it\/funerale\/images\/2021\/11\/hysteron-urna-stonat-1-150x150.jpg 150w, https:\/\/madalaonoranzefunebri.it\/funerale\/images\/2021\/11\/hysteron-urna-stonat-1-230x230.jpg 230w, https:\/\/madalaonoranzefunebri.it\/funerale\/images\/2021\/11\/hysteron-urna-stonat-1-350x350.jpg 350w, https:\/\/madalaonoranzefunebri.it\/funerale\/images\/2021\/11\/hysteron-urna-stonat-1-480x480.jpg 480w, https:\/\/madalaonoranzefunebri.it\/funerale\/images\/2021\/11\/hysteron-urna-stonat-1.jpg 500w\" sizes=\"(max-width: 300px) 100vw, 300px\" \/><\/a><figcaption class=\"wp-element-caption\"> Urna in stonat<\/figcaption><\/figure>\n\n\n\n<figure class=\"wp-block-image size-medium\"><a href=\"https:\/\/madalaonoranzefunebri.it\/funerale\/images\/2021\/11\/vezzani_urne-porcellana-1.jpg\" rel=\"lightbox[25]\"><img loading=\"lazy\" decoding=\"async\" width=\"300\" height=\"124\" data-id=\"71\" src=\"https:\/\/madalaonoranzefunebri.it\/funerale\/images\/2021\/11\/vezzani_urne-porcellana-1-300x124.jpg\" alt=\"Accessori ed articoli funebri cuneo\" class=\"wp-image-71\" srcset=\"https:\/\/madalaonoranzefunebri.it\/funerale\/images\/2021\/11\/vezzani_urne-porcellana-1-300x124.jpg 300w, https:\/\/madalaonoranzefunebri.it\/funerale\/images\/2021\/11\/vezzani_urne-porcellana-1-1024x423.jpg 1024w, https:\/\/madalaonoranzefunebri.it\/funerale\/images\/2021\/11\/vezzani_urne-porcellana-1-768x318.jpg 768w, https:\/\/madalaonoranzefunebri.it\/funerale\/images\/2021\/11\/vezzani_urne-porcellana-1-920x380.jpg 920w, https:\/\/madalaonoranzefunebri.it\/funerale\/images\/2021\/11\/vezzani_urne-porcellana-1-230x95.jpg 230w, https:\/\/madalaonoranzefunebri.it\/funerale\/images\/2021\/11\/vezzani_urne-porcellana-1-350x145.jpg 350w, https:\/\/madalaonoranzefunebri.it\/funerale\/images\/2021\/11\/vezzani_urne-porcellana-1-480x199.jpg 480w, https:\/\/madalaonoranzefunebri.it\/funerale\/images\/2021\/11\/vezzani_urne-porcellana-1.jpg 1209w\" sizes=\"(max-width: 300px) 100vw, 300px\" \/><\/a><figcaption class=\"wp-element-caption\">Urne in porcellana<\/figcaption><\/figure>\n\n\n\n<figure class=\"wp-block-image size-medium\"><a href=\"https:\/\/madalaonoranzefunebri.it\/funerale\/images\/2021\/11\/vezzani_urne-bronzo-inox-1.jpg\" rel=\"lightbox[25]\"><img loading=\"lazy\" decoding=\"async\" width=\"300\" height=\"124\" data-id=\"70\" src=\"https:\/\/madalaonoranzefunebri.it\/funerale\/images\/2021\/11\/vezzani_urne-bronzo-inox-1-300x124.jpg\" alt=\"Accessori ed articoli funebri cuneo\" class=\"wp-image-70\" srcset=\"https:\/\/madalaonoranzefunebri.it\/funerale\/images\/2021\/11\/vezzani_urne-bronzo-inox-1-300x124.jpg 300w, https:\/\/madalaonoranzefunebri.it\/funerale\/images\/2021\/11\/vezzani_urne-bronzo-inox-1-1024x423.jpg 1024w, https:\/\/madalaonoranzefunebri.it\/funerale\/images\/2021\/11\/vezzani_urne-bronzo-inox-1-768x318.jpg 768w, https:\/\/madalaonoranzefunebri.it\/funerale\/images\/2021\/11\/vezzani_urne-bronzo-inox-1-920x380.jpg 920w, https:\/\/madalaonoranzefunebri.it\/funerale\/images\/2021\/11\/vezzani_urne-bronzo-inox-1-230x95.jpg 230w, https:\/\/madalaonoranzefunebri.it\/funerale\/images\/2021\/11\/vezzani_urne-bronzo-inox-1-350x145.jpg 350w, https:\/\/madalaonoranzefunebri.it\/funerale\/images\/2021\/11\/vezzani_urne-bronzo-inox-1-480x199.jpg 480w, https:\/\/madalaonoranzefunebri.it\/funerale\/images\/2021\/11\/vezzani_urne-bronzo-inox-1.jpg 1209w\" sizes=\"(max-width: 300px) 100vw, 300px\" \/><\/a><figcaption class=\"wp-element-caption\">Urne in metallo (bronzo\/acciaio inox)<\/figcaption><\/figure>\n<\/figure>\n\n\n\n<div style=\"height:20px\" aria-hidden=\"true\" class=\"wp-block-spacer\"><\/div>\n\n\n\n<h2 class=\"wp-block-heading\">Informazioni sulla conservazione delle ceneri<\/h2>\n\n\n\n<p>Dopo il rito della cremazione, l&#8217;urna pu\u00f2 essere:<\/p>\n\n\n\n<ul class=\"wp-block-list\">\n<li>Conservata in apposite aree cimiteriali.<\/li>\n\n\n\n<li>Affidata a un familiare per la custodia.<\/li>\n\n\n\n<li>Le ceneri possono essere disperse in natura, in mare, laghi o fiumi, in aree cimiteriali dedicate o su propriet\u00e0 private all&#8217;aperto, previa autorizzazione secondo la legge italiana (n. 130 del 30 marzo 2001).<\/li>\n<\/ul>\n\n\n\n<p>\u00c8 fondamentale rispettare la volont\u00e0 del defunto e seguire la normativa vigente. La dispersione delle ceneri non autorizzata \u00e8 punita con sanzioni pecuniarie e penali. Solo soggetti autorizzati, come parenti stretti, esecutori testamentari o impiegati comunali, possono effettuare la dispersione.<\/p>\n\n\n\n<p>Siamo al vostro fianco per offrirvi un supporto discreto e professionale, aiutandovi a rispettare ogni desiderio del vostro caro con la massima attenzione alle normative.<\/p>\n\n\n\n<p><\/p>\n","protected":false},"excerpt":{"rendered":"<p>L&#8217;Agenzia di Pompe Funebri Madala gestisce con professionalit\u00e0 e discrezione tutte le fasi del rito della cremazione. Offriamo assistenza completa, dalla raccolta [&hellip;]<\/p>\n","protected":false},"author":1,"featured_media":0,"parent":0,"menu_order":0,"comment_status":"closed","ping_status":"closed","template":"","meta":{"footnotes":""},"class_list":["post-25","page","type-page","status-publish","hentry"],"yoast_head":"<!-- This site is optimized with the Yoast SEO plugin v27.2 - https:\/\/yoast.com\/product\/yoast-seo-wordpress\/ -->\n<title>Rito della cremazione a Cuneo - Madala Onoranze Funebri<\/title>\n<meta name=\"description\" content=\"Madala Onoranze Funebri offre un servizio completo per la cremazione: documentazione, cerimonie personalizzate, urne cinerarie...\" \/>\n<meta name=\"robots\" content=\"index, follow, max-snippet:-1, max-image-preview:large, max-video-preview:-1\" \/>\n<link rel=\"canonical\" href=\"https:\/\/madalaonoranzefunebri.it\/funerale\/rito-cremazione\/\" \/>\n<meta property=\"og:locale\" content=\"it_IT\" \/>\n<meta property=\"og:type\" content=\"article\" \/>\n<meta property=\"og:title\" content=\"Rito della cremazione a Cuneo - Madala Onoranze Funebri\" \/>\n<meta property=\"og:description\" content=\"Madala Onoranze Funebri offre un servizio completo per la cremazione: documentazione, cerimonie personalizzate, urne cinerarie...\" \/>\n<meta property=\"og:url\" content=\"https:\/\/madalaonoranzefunebri.it\/funerale\/rito-cremazione\/\" \/>\n<meta property=\"og:site_name\" content=\"Madala Onoranze Funebri\" \/>\n<meta property=\"article:publisher\" content=\"https:\/\/www.facebook.com\/p\/Onoranze-Funebri-Madala-Di-Madala-Fabrizio-C-Snc-100057676380494\/\" \/>\n<meta property=\"article:modified_time\" content=\"2024-12-06T09:45:21+00:00\" \/>\n<meta property=\"og:image\" content=\"https:\/\/madalaonoranzefunebri.it\/funerale\/images\/2021\/11\/hysteron-esterno1-1.jpg\" \/>\n\t<meta property=\"og:image:width\" content=\"1121\" \/>\n\t<meta property=\"og:image:height\" content=\"750\" \/>\n\t<meta property=\"og:image:type\" content=\"image\/jpeg\" \/>\n<meta name=\"twitter:card\" content=\"summary_large_image\" \/>\n<script type=\"application\/ld+json\" class=\"yoast-schema-graph\">{\"@context\":\"https:\/\/schema.org\",\"@graph\":[{\"@type\":\"WebPage\",\"@id\":\"https:\/\/madalaonoranzefunebri.it\/funerale\/rito-cremazione\/\",\"url\":\"https:\/\/madalaonoranzefunebri.it\/funerale\/rito-cremazione\/\",\"name\":\"Rito della cremazione a Cuneo - Madala Onoranze Funebri\",\"isPartOf\":{\"@id\":\"https:\/\/madalaonoranzefunebri.it\/funerale\/#website\"},\"primaryImageOfPage\":{\"@id\":\"https:\/\/madalaonoranzefunebri.it\/funerale\/rito-cremazione\/#primaryimage\"},\"image\":{\"@id\":\"https:\/\/madalaonoranzefunebri.it\/funerale\/rito-cremazione\/#primaryimage\"},\"thumbnailUrl\":\"https:\/\/madalaonoranzefunebri.it\/funerale\/images\/2021\/11\/hysteron-esterno1-1-150x150.jpg\",\"datePublished\":\"2021-11-15T18:29:17+00:00\",\"dateModified\":\"2024-12-06T09:45:21+00:00\",\"description\":\"Madala Onoranze Funebri offre un servizio completo per la cremazione: documentazione, cerimonie personalizzate, urne cinerarie...\",\"breadcrumb\":{\"@id\":\"https:\/\/madalaonoranzefunebri.it\/funerale\/rito-cremazione\/#breadcrumb\"},\"inLanguage\":\"it-IT\",\"potentialAction\":[{\"@type\":\"ReadAction\",\"target\":[\"https:\/\/madalaonoranzefunebri.it\/funerale\/rito-cremazione\/\"]}]},{\"@type\":\"ImageObject\",\"inLanguage\":\"it-IT\",\"@id\":\"https:\/\/madalaonoranzefunebri.it\/funerale\/rito-cremazione\/#primaryimage\",\"url\":\"https:\/\/madalaonoranzefunebri.it\/funerale\/images\/2021\/11\/hysteron-esterno1-1.jpg\",\"contentUrl\":\"https:\/\/madalaonoranzefunebri.it\/funerale\/images\/2021\/11\/hysteron-esterno1-1.jpg\",\"width\":1121,\"height\":750,\"caption\":\"Cremazione cuneo\"},{\"@type\":\"BreadcrumbList\",\"@id\":\"https:\/\/madalaonoranzefunebri.it\/funerale\/rito-cremazione\/#breadcrumb\",\"itemListElement\":[{\"@type\":\"ListItem\",\"position\":1,\"name\":\"Home\",\"item\":\"https:\/\/madalaonoranzefunebri.it\/funerale\/\"},{\"@type\":\"ListItem\",\"position\":2,\"name\":\"Rito della cremazione\"}]},{\"@type\":\"WebSite\",\"@id\":\"https:\/\/madalaonoranzefunebri.it\/funerale\/#website\",\"url\":\"https:\/\/madalaonoranzefunebri.it\/funerale\/\",\"name\":\"Madala Onoranze Funebri Dronero\",\"description\":\"Agenzia di pompe funebri a Dronero\",\"publisher\":{\"@id\":\"https:\/\/madalaonoranzefunebri.it\/funerale\/#organization\"},\"potentialAction\":[{\"@type\":\"SearchAction\",\"target\":{\"@type\":\"EntryPoint\",\"urlTemplate\":\"https:\/\/madalaonoranzefunebri.it\/funerale\/?s={search_term_string}\"},\"query-input\":{\"@type\":\"PropertyValueSpecification\",\"valueRequired\":true,\"valueName\":\"search_term_string\"}}],\"inLanguage\":\"it-IT\"},{\"@type\":\"Organization\",\"@id\":\"https:\/\/madalaonoranzefunebri.it\/funerale\/#organization\",\"name\":\"Madala Onoranze Funebri\",\"url\":\"https:\/\/madalaonoranzefunebri.it\/funerale\/\",\"logo\":{\"@type\":\"ImageObject\",\"inLanguage\":\"it-IT\",\"@id\":\"https:\/\/madalaonoranzefunebri.it\/funerale\/#\/schema\/logo\/image\/\",\"url\":\"https:\/\/madalaonoranzefunebri.it\/funerale\/images\/2021\/12\/cropped-madala_favicon.png\",\"contentUrl\":\"https:\/\/madalaonoranzefunebri.it\/funerale\/images\/2021\/12\/cropped-madala_favicon.png\",\"width\":512,\"height\":512,\"caption\":\"Madala Onoranze Funebri\"},\"image\":{\"@id\":\"https:\/\/madalaonoranzefunebri.it\/funerale\/#\/schema\/logo\/image\/\"},\"sameAs\":[\"https:\/\/www.facebook.com\/p\/Onoranze-Funebri-Madala-Di-Madala-Fabrizio-C-Snc-100057676380494\/\"]}]}<\/script>\n<!-- \/ Yoast SEO plugin. -->","yoast_head_json":{"title":"Rito della cremazione a Cuneo - Madala Onoranze Funebri","description":"Madala Onoranze Funebri offre un servizio completo per la cremazione: documentazione, cerimonie personalizzate, urne cinerarie...","robots":{"index":"index","follow":"follow","max-snippet":"max-snippet:-1","max-image-preview":"max-image-preview:large","max-video-preview":"max-video-preview:-1"},"canonical":"https:\/\/madalaonoranzefunebri.it\/funerale\/rito-cremazione\/","og_locale":"it_IT","og_type":"article","og_title":"Rito della cremazione a Cuneo - Madala Onoranze Funebri","og_description":"Madala Onoranze Funebri offre un servizio completo per la cremazione: documentazione, cerimonie personalizzate, urne cinerarie...","og_url":"https:\/\/madalaonoranzefunebri.it\/funerale\/rito-cremazione\/","og_site_name":"Madala Onoranze Funebri","article_publisher":"https:\/\/www.facebook.com\/p\/Onoranze-Funebri-Madala-Di-Madala-Fabrizio-C-Snc-100057676380494\/","article_modified_time":"2024-12-06T09:45:21+00:00","og_image":[{"width":1121,"height":750,"url":"https:\/\/madalaonoranzefunebri.it\/funerale\/images\/2021\/11\/hysteron-esterno1-1.jpg","type":"image\/jpeg"}],"twitter_card":"summary_large_image","schema":{"@context":"https:\/\/schema.org","@graph":[{"@type":"WebPage","@id":"https:\/\/madalaonoranzefunebri.it\/funerale\/rito-cremazione\/","url":"https:\/\/madalaonoranzefunebri.it\/funerale\/rito-cremazione\/","name":"Rito della cremazione a Cuneo - Madala Onoranze Funebri","isPartOf":{"@id":"https:\/\/madalaonoranzefunebri.it\/funerale\/#website"},"primaryImageOfPage":{"@id":"https:\/\/madalaonoranzefunebri.it\/funerale\/rito-cremazione\/#primaryimage"},"image":{"@id":"https:\/\/madalaonoranzefunebri.it\/funerale\/rito-cremazione\/#primaryimage"},"thumbnailUrl":"https:\/\/madalaonoranzefunebri.it\/funerale\/images\/2021\/11\/hysteron-esterno1-1-150x150.jpg","datePublished":"2021-11-15T18:29:17+00:00","dateModified":"2024-12-06T09:45:21+00:00","description":"Madala Onoranze Funebri offre un servizio completo per la cremazione: documentazione, cerimonie personalizzate, urne cinerarie...","breadcrumb":{"@id":"https:\/\/madalaonoranzefunebri.it\/funerale\/rito-cremazione\/#breadcrumb"},"inLanguage":"it-IT","potentialAction":[{"@type":"ReadAction","target":["https:\/\/madalaonoranzefunebri.it\/funerale\/rito-cremazione\/"]}]},{"@type":"ImageObject","inLanguage":"it-IT","@id":"https:\/\/madalaonoranzefunebri.it\/funerale\/rito-cremazione\/#primaryimage","url":"https:\/\/madalaonoranzefunebri.it\/funerale\/images\/2021\/11\/hysteron-esterno1-1.jpg","contentUrl":"https:\/\/madalaonoranzefunebri.it\/funerale\/images\/2021\/11\/hysteron-esterno1-1.jpg","width":1121,"height":750,"caption":"Cremazione cuneo"},{"@type":"BreadcrumbList","@id":"https:\/\/madalaonoranzefunebri.it\/funerale\/rito-cremazione\/#breadcrumb","itemListElement":[{"@type":"ListItem","position":1,"name":"Home","item":"https:\/\/madalaonoranzefunebri.it\/funerale\/"},{"@type":"ListItem","position":2,"name":"Rito della cremazione"}]},{"@type":"WebSite","@id":"https:\/\/madalaonoranzefunebri.it\/funerale\/#website","url":"https:\/\/madalaonoranzefunebri.it\/funerale\/","name":"Madala Onoranze Funebri Dronero","description":"Agenzia di pompe funebri a Dronero","publisher":{"@id":"https:\/\/madalaonoranzefunebri.it\/funerale\/#organization"},"potentialAction":[{"@type":"SearchAction","target":{"@type":"EntryPoint","urlTemplate":"https:\/\/madalaonoranzefunebri.it\/funerale\/?s={search_term_string}"},"query-input":{"@type":"PropertyValueSpecification","valueRequired":true,"valueName":"search_term_string"}}],"inLanguage":"it-IT"},{"@type":"Organization","@id":"https:\/\/madalaonoranzefunebri.it\/funerale\/#organization","name":"Madala Onoranze Funebri","url":"https:\/\/madalaonoranzefunebri.it\/funerale\/","logo":{"@type":"ImageObject","inLanguage":"it-IT","@id":"https:\/\/madalaonoranzefunebri.it\/funerale\/#\/schema\/logo\/image\/","url":"https:\/\/madalaonoranzefunebri.it\/funerale\/images\/2021\/12\/cropped-madala_favicon.png","contentUrl":"https:\/\/madalaonoranzefunebri.it\/funerale\/images\/2021\/12\/cropped-madala_favicon.png","width":512,"height":512,"caption":"Madala Onoranze Funebri"},"image":{"@id":"https:\/\/madalaonoranzefunebri.it\/funerale\/#\/schema\/logo\/image\/"},"sameAs":["https:\/\/www.facebook.com\/p\/Onoranze-Funebri-Madala-Di-Madala-Fabrizio-C-Snc-100057676380494\/"]}]}},"_links":{"self":[{"href":"https:\/\/madalaonoranzefunebri.it\/funerale\/wp-json\/wp\/v2\/pages\/25","targetHints":{"allow":["GET"]}}],"collection":[{"href":"https:\/\/madalaonoranzefunebri.it\/funerale\/wp-json\/wp\/v2\/pages"}],"about":[{"href":"https:\/\/madalaonoranzefunebri.it\/funerale\/wp-json\/wp\/v2\/types\/page"}],"author":[{"embeddable":true,"href":"https:\/\/madalaonoranzefunebri.it\/funerale\/wp-json\/wp\/v2\/users\/1"}],"replies":[{"embeddable":true,"href":"https:\/\/madalaonoranzefunebri.it\/funerale\/wp-json\/wp\/v2\/comments?post=25"}],"version-history":[{"count":0,"href":"https:\/\/madalaonoranzefunebri.it\/funerale\/wp-json\/wp\/v2\/pages\/25\/revisions"}],"wp:attachment":[{"href":"https:\/\/madalaonoranzefunebri.it\/funerale\/wp-json\/wp\/v2\/media?parent=25"}],"curies":[{"name":"wp","href":"https:\/\/api.w.org\/{rel}","templated":true}]}}